{"id":16387,"date":"2018-04-21T05:53:23","date_gmt":"2018-04-21T05:53:23","guid":{"rendered":"http:\/\/traducteuranglaisfrancais.ca\/blog\/"},"modified":"2023-04-14T12:44:36","modified_gmt":"2023-04-14T12:44:36","slug":"blogue","status":"publish","type":"page","link":"https:\/\/serviceservotech.com\/fr\/blogue\/","title":{"rendered":"D\u00e9couvrez nos articles sur la r\u00e9paration d&#8217;\u00e9lectrom\u00e9nager"},"content":{"rendered":"[vc_row type=&#8221;in_container&#8221; full_screen_row_position=&#8221;middle&#8221; column_margin=&#8221;default&#8221; column_direction=&#8221;default&#8221; column_direction_tablet=&#8221;default&#8221; column_direction_phone=&#8221;default&#8221; bg_color=&#8221;#ffffff&#8221; scene_position=&#8221;center&#8221; top_padding=&#8221;2%&#8221; text_color=&#8221;dark&#8221; text_align=&#8221;left&#8221; row_border_radius=&#8221;none&#8221; row_border_radius_applies=&#8221;bg&#8221; overflow=&#8221;visible&#8221; overlay_strength=&#8221;0.3&#8243; gradient_direction=&#8221;left_to_right&#8221; shape_divider_position=&#8221;bottom&#8221; bg_image_animation=&#8221;none&#8221; gradient_type=&#8221;default&#8221; shape_type=&#8221;&#8221;][vc_column column_padding=&#8221;no-extra-padding&#8221; column_padding_tablet=&#8221;inherit&#8221; column_padding_phone=&#8221;inherit&#8221; column_padding_position=&#8221;all&#8221; column_element_direction_desktop=&#8221;default&#8221; column_element_spacing=&#8221;default&#8221; desktop_text_alignment=&#8221;center&#8221; tablet_text_alignment=&#8221;default&#8221; phone_text_alignment=&#8221;default&#8221; background_color=&#8221;#ffffff&#8221; background_color_opacity=&#8221;1&#8243; background_hover_color_opacity=&#8221;1&#8243; column_backdrop_filter=&#8221;none&#8221; column_shadow=&#8221;none&#8221; column_border_radius=&#8221;10px&#8221; column_link_target=&#8221;_self&#8221; column_position=&#8221;default&#8221; gradient_direction=&#8221;left_to_right&#8221; overlay_strength=&#8221;0.3&#8243; width=&#8221;1\/1&#8243; tablet_width_inherit=&#8221;default&#8221; animation_type=&#8221;default&#8221; bg_image_animation=&#8221;none&#8221; border_type=&#8221;simple&#8221; column_border_width=&#8221;none&#8221; column_border_color=&#8221;#4c76de&#8221; column_border_style=&#8221;solid&#8221; column_padding_type=&#8221;default&#8221; gradient_type=&#8221;default&#8221;][image_with_animation image_url=&#8221;70&#8243; image_size=&#8221;full&#8221; animation_type=&#8221;entrance&#8221; animation=&#8221;None&#8221; animation_movement_type=&#8221;transform_y&#8221; hover_animation=&#8221;none&#8221; alignment=&#8221;&#8221; border_radius=&#8221;none&#8221; box_shadow=&#8221;none&#8221; image_loading=&#8221;default&#8221; max_width=&#8221;100%&#8221; max_width_mobile=&#8221;default&#8221;][vc_custom_heading text=&#8221;Blogue&#8221; font_container=&#8221;tag:h1|font_size:52|text_align:center|line_height:52px&#8221; use_theme_fonts=&#8221;yes&#8221; css_animation=&#8221;fadeInUp&#8221;][vc_custom_heading text=&#8221;D\u00e9couvrez nos articles sur la r\u00e9paration d\u2019\u00e9lectrom\u00e9nager&#8221; font_container=&#8221;tag:h5|text_align:center|color:%234c76de&#8221; use_theme_fonts=&#8221;yes&#8221; css_animation=&#8221;fadeInUp&#8221; css=&#8221;.vc_custom_1677771233771{padding-top: 1% !important;padding-bottom: 1% !important;}&#8221;][divider line_type=&#8221;Small Line&#8221; line_alignment=&#8221;center&#8221; line_thickness=&#8221;3&#8243; divider_color=&#8221;extra-color-gradient-1&#8243; animate=&#8221;yes&#8221; delay=&#8221;100&#8243; custom_line_width=&#8221;120&#8243;][\/vc_column][\/vc_row][vc_row type=&#8221;in_container&#8221; full_screen_row_position=&#8221;middle&#8221; column_margin=&#8221;default&#8221; column_direction=&#8221;default&#8221; column_direction_tablet=&#8221;default&#8221; column_direction_phone=&#8221;default&#8221; scene_position=&#8221;center&#8221; text_color=&#8221;dark&#8221; text_align=&#8221;left&#8221; row_border_radius=&#8221;none&#8221; row_border_radius_applies=&#8221;bg&#8221; overflow=&#8221;visible&#8221; overlay_strength=&#8221;0.3&#8243; gradient_direction=&#8221;left_to_right&#8221; shape_divider_position=&#8221;bottom&#8221; bg_image_animation=&#8221;none&#8221;][vc_column column_padding=&#8221;no-extra-padding&#8221; column_padding_tablet=&#8221;inherit&#8221; column_padding_phone=&#8221;inherit&#8221; column_padding_position=&#8221;all&#8221; column_element_direction_desktop=&#8221;default&#8221; column_element_spacing=&#8221;default&#8221; desktop_text_alignment=&#8221;default&#8221; tablet_text_alignment=&#8221;default&#8221; phone_text_alignment=&#8221;default&#8221; background_color_opacity=&#8221;1&#8243; background_hover_color_opacity=&#8221;1&#8243; column_backdrop_filter=&#8221;none&#8221; column_shadow=&#8221;none&#8221; column_border_radius=&#8221;none&#8221; column_link_target=&#8221;_self&#8221; column_position=&#8221;default&#8221; gradient_direction=&#8221;left_to_right&#8221; overlay_strength=&#8221;0.3&#8243; width=&#8221;1\/1&#8243; tablet_width_inherit=&#8221;default&#8221; animation_type=&#8221;default&#8221; bg_image_animation=&#8221;none&#8221; border_type=&#8221;simple&#8221; column_border_width=&#8221;none&#8221; column_border_style=&#8221;solid&#8221;][nectar_post_grid post_type=&#8221;post&#8221; blog_category=&#8221;all&#8221; order=&#8221;DESC&#8221; orderby=&#8221;date&#8221; pagination=&#8221;none&#8221; columns=&#8221;3&#8243; grid_item_spacing=&#8221;25px&#8221; grid_item_height=&#8221;30vh&#8221; featured_top_item=&#8221;yes&#8221; image_size=&#8221;large&#8221; image_loading=&#8221;default&#8221; animation=&#8221;none&#8221; heading_tag=&#8221;default&#8221; display_categories=&#8221;yes&#8221; category_functionality=&#8221;default&#8221; category_position=&#8221;default&#8221; display_date=&#8221;yes&#8221; display_excerpt=&#8221;yes&#8221; grid_style=&#8221;content_under_image&#8221; card_design=&#8221;yes&#8221; card_bg_color=&#8221;#ffffff&#8221; content_under_image_text_align=&#8221;left&#8221; text_color=&#8221;dark&#8221; hover_effect=&#8221;zoom&#8221; border_radius=&#8221;5px&#8221; shadow_on_hover=&#8221;yes&#8221; posts_per_page=&#8221;10&#8243;][\/vc_column][\/vc_row]\n","protected":false},"excerpt":{"rendered":"<p>[vc_row type=&#8221;in_container&#8221; full_screen_row_position=&#8221;middle&#8221; column_margin=&#8221;default&#8221; column_direction=&#8221;default&#8221; column_direction_tablet=&#8221;default&#8221; column_direction_phone=&#8221;default&#8221; bg_color=&#8221;#ffffff&#8221; scene_position=&#8221;center&#8221; top_padding=&#8221;2%&#8221; text_color=&#8221;dark&#8221; text_align=&#8221;left&#8221; row_border_radius=&#8221;none&#8221; row_border_radius_applies=&#8221;bg&#8221; overflow=&#8221;visible&#8221; overlay_strength=&#8221;0.3&#8243; gradient_direction=&#8221;left_to_right&#8221; shape_divider_position=&#8221;bottom&#8221; bg_image_animation=&#8221;none&#8221; gradient_type=&#8221;default&#8221; shape_type=&#8221;&#8221;][vc_column column_padding=&#8221;no-extra-padding&#8221; column_padding_tablet=&#8221;inherit&#8221; column_padding_phone=&#8221;inherit&#8221; column_padding_position=&#8221;all&#8221; column_element_direction_desktop=&#8221;default&#8221; column_element_spacing=&#8221;default&#8221; desktop_text_alignment=&#8221;center&#8221; tablet_text_alignment=&#8221;default&#8221; phone_text_alignment=&#8221;default&#8221;&#8230;<\/p>\n","protected":false},"author":1,"featured_media":0,"parent":0,"menu_order":0,"comment_status":"closed","ping_status":"closed","template":"","meta":{"footnotes":""},"class_list":["post-16387","page","type-page","status-publish"],"yoast_head":"<!-- This site is optimized with the Yoast SEO plugin v25.5 - https:\/\/yoast.com\/wordpress\/plugins\/seo\/ -->\n<title>Sp\u00e9cialiste en r\u00e9paration d&#039;\u00e9lectromenagers-Servotech<\/title>\n<meta name=\"description\" content=\"Lisez notre \u00e9quipe de r\u00e9paration d&#039;\u00e9lectrom\u00e9nager qui vous partage des astuces de diagnostic et de r\u00e9paration.\" \/>\n<meta name=\"robots\" content=\"index, follow, max-snippet:-1, max-image-preview:large, max-video-preview:-1\" \/>\n<link rel=\"canonical\" href=\"https:\/\/serviceservotech.com\/fr\/blogue\/\" \/>\n<meta property=\"og:locale\" content=\"fr_FR\" \/>\n<meta property=\"og:type\" content=\"article\" \/>\n<meta property=\"og:title\" content=\"Sp\u00e9cialiste en r\u00e9paration d&#039;\u00e9lectromenagers-Servotech\" \/>\n<meta property=\"og:description\" content=\"Lisez notre \u00e9quipe de r\u00e9paration d&#039;\u00e9lectrom\u00e9nager qui vous partage des astuces de diagnostic et de r\u00e9paration.\" \/>\n<meta property=\"og:url\" content=\"https:\/\/serviceservotech.com\/fr\/blogue\/\" \/>\n<meta property=\"og:site_name\" content=\"Service Servotech\" \/>\n<meta property=\"article:modified_time\" content=\"2023-04-14T12:44:36+00:00\" \/>\n<meta name=\"twitter:card\" content=\"summary_large_image\" \/>\n<meta name=\"twitter:label1\" content=\"Dur\u00e9e de lecture estim\u00e9e\" \/>\n\t<meta name=\"twitter:data1\" content=\"1 minute\" \/>\n<!-- \/ Yoast SEO plugin. -->","yoast_head_json":{"title":"Sp\u00e9cialiste en r\u00e9paration d'\u00e9lectromenagers-Servotech","description":"Lisez notre \u00e9quipe de r\u00e9paration d'\u00e9lectrom\u00e9nager qui vous partage des astuces de diagnostic et de r\u00e9paration.","robots":{"index":"index","follow":"follow","max-snippet":"max-snippet:-1","max-image-preview":"max-image-preview:large","max-video-preview":"max-video-preview:-1"},"canonical":"https:\/\/serviceservotech.com\/fr\/blogue\/","og_locale":"fr_FR","og_type":"article","og_title":"Sp\u00e9cialiste en r\u00e9paration d'\u00e9lectromenagers-Servotech","og_description":"Lisez notre \u00e9quipe de r\u00e9paration d'\u00e9lectrom\u00e9nager qui vous partage des astuces de diagnostic et de r\u00e9paration.","og_url":"https:\/\/serviceservotech.com\/fr\/blogue\/","og_site_name":"Service Servotech","article_modified_time":"2023-04-14T12:44:36+00:00","twitter_card":"summary_large_image","twitter_misc":{"Dur\u00e9e de lecture estim\u00e9e":"1 minute"},"schema":{"@context":"https:\/\/schema.org","@graph":[{"@type":"WebPage","@id":"https:\/\/serviceservotech.com\/fr\/blogue\/","url":"https:\/\/serviceservotech.com\/fr\/blogue\/","name":"Sp\u00e9cialiste en r\u00e9paration d'\u00e9lectromenagers-Servotech","isPartOf":{"@id":"https:\/\/serviceservotech.com\/#website"},"datePublished":"2018-04-21T05:53:23+00:00","dateModified":"2023-04-14T12:44:36+00:00","description":"Lisez notre \u00e9quipe de r\u00e9paration d'\u00e9lectrom\u00e9nager qui vous partage des astuces de diagnostic et de r\u00e9paration.","breadcrumb":{"@id":"https:\/\/serviceservotech.com\/fr\/blogue\/#breadcrumb"},"inLanguage":"fr-FR","potentialAction":[{"@type":"ReadAction","target":["https:\/\/serviceservotech.com\/fr\/blogue\/"]}]},{"@type":"BreadcrumbList","@id":"https:\/\/serviceservotech.com\/fr\/blogue\/#breadcrumb","itemListElement":[{"@type":"ListItem","position":1,"name":"Accueil","item":"https:\/\/serviceservotech.com\/fr\/"},{"@type":"ListItem","position":2,"name":"D\u00e9couvrez nos articles sur la r\u00e9paration d&#8217;\u00e9lectrom\u00e9nager"}]},{"@type":"WebSite","@id":"https:\/\/serviceservotech.com\/#website","url":"https:\/\/serviceservotech.com\/","name":"Service Servotech","description":"Appliances and Air Conditioning Repair","potentialAction":[{"@type":"SearchAction","target":{"@type":"EntryPoint","urlTemplate":"https:\/\/serviceservotech.com\/?s={search_term_string}"},"query-input":{"@type":"PropertyValueSpecification","valueRequired":true,"valueName":"search_term_string"}}],"inLanguage":"fr-FR"}]}},"_links":{"self":[{"href":"https:\/\/serviceservotech.com\/fr\/wp-json\/wp\/v2\/pages\/16387","targetHints":{"allow":["GET"]}}],"collection":[{"href":"https:\/\/serviceservotech.com\/fr\/wp-json\/wp\/v2\/pages"}],"about":[{"href":"https:\/\/serviceservotech.com\/fr\/wp-json\/wp\/v2\/types\/page"}],"author":[{"embeddable":true,"href":"https:\/\/serviceservotech.com\/fr\/wp-json\/wp\/v2\/users\/1"}],"replies":[{"embeddable":true,"href":"https:\/\/serviceservotech.com\/fr\/wp-json\/wp\/v2\/comments?post=16387"}],"version-history":[{"count":6,"href":"https:\/\/serviceservotech.com\/fr\/wp-json\/wp\/v2\/pages\/16387\/revisions"}],"predecessor-version":[{"id":20613,"href":"https:\/\/serviceservotech.com\/fr\/wp-json\/wp\/v2\/pages\/16387\/revisions\/20613"}],"wp:attachment":[{"href":"https:\/\/serviceservotech.com\/fr\/wp-json\/wp\/v2\/media?parent=16387"}],"curies":[{"name":"wp","href":"https:\/\/api.w.org\/{rel}","templated":true}]}}