{"id":16134,"date":"2020-11-03T13:10:59","date_gmt":"2020-11-03T13:10:59","guid":{"rendered":"http:\/\/traducteuranglaisfrancais.ca\/warranties\/"},"modified":"2024-03-28T10:38:08","modified_gmt":"2024-03-28T10:38:08","slug":"garanties","status":"publish","type":"page","link":"https:\/\/serviceservotech.com\/fr\/garanties\/","title":{"rendered":"Garanties sur nos r\u00e9parations d&#8217;\u00e9lecrom\u00e9nagers"},"content":{"rendered":"[vc_row type=&#8221;in_container&#8221; full_screen_row_position=&#8221;middle&#8221; column_margin=&#8221;default&#8221; column_direction=&#8221;default&#8221; column_direction_tablet=&#8221;default&#8221; column_direction_phone=&#8221;default&#8221; bg_color=&#8221;#ffffff&#8221; scene_position=&#8221;center&#8221; top_padding=&#8221;2%&#8221; text_color=&#8221;dark&#8221; text_align=&#8221;left&#8221; row_border_radius=&#8221;none&#8221; row_border_radius_applies=&#8221;bg&#8221; overflow=&#8221;visible&#8221; overlay_strength=&#8221;0.3&#8243; gradient_direction=&#8221;left_to_right&#8221; shape_divider_position=&#8221;bottom&#8221; bg_image_animation=&#8221;none&#8221; gradient_type=&#8221;default&#8221; shape_type=&#8221;&#8221;][vc_column column_padding=&#8221;no-extra-padding&#8221; column_padding_tablet=&#8221;inherit&#8221; column_padding_phone=&#8221;inherit&#8221; column_padding_position=&#8221;all&#8221; column_element_direction_desktop=&#8221;default&#8221; column_element_spacing=&#8221;default&#8221; desktop_text_alignment=&#8221;center&#8221; tablet_text_alignment=&#8221;default&#8221; phone_text_alignment=&#8221;default&#8221; background_color=&#8221;#ffffff&#8221; background_color_opacity=&#8221;1&#8243; background_hover_color_opacity=&#8221;1&#8243; column_backdrop_filter=&#8221;none&#8221; column_shadow=&#8221;none&#8221; column_border_radius=&#8221;10px&#8221; column_link_target=&#8221;_self&#8221; column_position=&#8221;default&#8221; gradient_direction=&#8221;left_to_right&#8221; overlay_strength=&#8221;0.3&#8243; width=&#8221;1\/1&#8243; tablet_width_inherit=&#8221;default&#8221; animation_type=&#8221;default&#8221; bg_image_animation=&#8221;none&#8221; border_type=&#8221;simple&#8221; column_border_width=&#8221;none&#8221; column_border_color=&#8221;#4c76de&#8221; column_border_style=&#8221;solid&#8221; column_padding_type=&#8221;default&#8221; gradient_type=&#8221;default&#8221;][image_with_animation image_url=&#8221;70&#8243; image_size=&#8221;full&#8221; animation_type=&#8221;entrance&#8221; animation=&#8221;None&#8221; animation_movement_type=&#8221;transform_y&#8221; hover_animation=&#8221;none&#8221; alignment=&#8221;&#8221; border_radius=&#8221;none&#8221; box_shadow=&#8221;none&#8221; image_loading=&#8221;default&#8221; max_width=&#8221;100%&#8221; max_width_mobile=&#8221;default&#8221;][vc_custom_heading text=&#8221;Garanties&#8221; font_container=&#8221;tag:h1|font_size:52|text_align:center|line_height:55px&#8221; use_theme_fonts=&#8221;yes&#8221; css_animation=&#8221;fadeInUp&#8221;][vc_custom_heading text=&#8221;Garanties sur nos r\u00e9parations d\u2019\u00e9lecrom\u00e9nagers&#8221; font_container=&#8221;tag:h5|text_align:center|color:%234c76de&#8221; use_theme_fonts=&#8221;yes&#8221; css_animation=&#8221;fadeInUp&#8221; css=&#8221;.vc_custom_1677869976881{padding-top: 1% !important;padding-bottom: 1% !important;}&#8221;][divider line_type=&#8221;Small Line&#8221; line_alignment=&#8221;center&#8221; line_thickness=&#8221;3&#8243; divider_color=&#8221;extra-color-gradient-1&#8243; animate=&#8221;yes&#8221; delay=&#8221;100&#8243; custom_line_width=&#8221;120&#8243;][\/vc_column][\/vc_row][vc_row type=&#8221;in_container&#8221; full_screen_row_position=&#8221;middle&#8221; column_margin=&#8221;default&#8221; column_direction=&#8221;default&#8221; column_direction_tablet=&#8221;default&#8221; column_direction_phone=&#8221;default&#8221; scene_position=&#8221;center&#8221; bottom_padding=&#8221;5%&#8221; text_color=&#8221;dark&#8221; text_align=&#8221;left&#8221; row_border_radius=&#8221;none&#8221; row_border_radius_applies=&#8221;bg&#8221; overflow=&#8221;visible&#8221; overlay_strength=&#8221;0.3&#8243; gradient_direction=&#8221;left_to_right&#8221; shape_divider_position=&#8221;bottom&#8221; bg_image_animation=&#8221;none&#8221; gradient_type=&#8221;default&#8221; shape_type=&#8221;&#8221;][vc_column column_padding=&#8221;no-extra-padding&#8221; column_padding_tablet=&#8221;inherit&#8221; column_padding_phone=&#8221;inherit&#8221; column_padding_position=&#8221;all&#8221; column_element_direction_desktop=&#8221;default&#8221; column_element_spacing=&#8221;default&#8221; desktop_text_alignment=&#8221;default&#8221; tablet_text_alignment=&#8221;default&#8221; phone_text_alignment=&#8221;default&#8221; background_color_opacity=&#8221;1&#8243; background_hover_color_opacity=&#8221;1&#8243; column_backdrop_filter=&#8221;none&#8221; column_shadow=&#8221;none&#8221; column_border_radius=&#8221;none&#8221; column_link_target=&#8221;_self&#8221; column_position=&#8221;default&#8221; gradient_direction=&#8221;left_to_right&#8221; overlay_strength=&#8221;0.3&#8243; width=&#8221;1\/1&#8243; tablet_width_inherit=&#8221;default&#8221; animation_type=&#8221;default&#8221; bg_image_animation=&#8221;none&#8221; border_type=&#8221;simple&#8221; column_border_width=&#8221;none&#8221; column_border_style=&#8221;solid&#8221;][vc_column_text]Service Servotech se d\u00e9gage de toute responsabilit\u00e9, pertes mat\u00e9rielles, bris, etc. si le client n\u2019arrive pas \u00e0 effectuer sa r\u00e9paration lui-m\u00eame. Nous offrons une assurance dommages de 2 millions de dollars.<\/p>\n<p>Garantie limit\u00e9e de 3 mois \u2013 pi\u00e8ce et main d\u2019\u0153uvre*<\/p>\n<p>Nos r\u00e9parations sont garanties pour une dur\u00e9e d\u2019un an. Si un appareil \u00e9lectrom\u00e9nager que nous avons r\u00e9par\u00e9 pr\u00e9sente un dysfonctionnement \u00e0 l\u2019int\u00e9rieur des douze mois suivant la r\u00e9paration, nous retournerons sans frais sur place pour d\u00e9terminer la cause du probl\u00e8me. Si le dysfonctionnement est li\u00e9 \u00e0 la r\u00e9paration originale, nous effectuerons la nouvelle r\u00e9paration requise gratuitement. Si l\u2019appareil pr\u00e9sente les m\u00eames sympt\u00f4mes que lors de la r\u00e9paration originale, mais que la cause du dysfonctionnement est diff\u00e9rente, nous effectuerons la nouvelle r\u00e9paration et le montant que vous paierez sera \u00e9gal \u00e0 celui que vous auriez pay\u00e9 si nous avions diagnostiqu\u00e9 les deux probl\u00e8mes en m\u00eame temps lors de notre premi\u00e8re visite \u00e0 votre domicile.<\/p>\n<p>&nbsp;<\/p>\n<h4>ATTENTION : Si l\u2019appareil a un probl\u00e8me diff\u00e9rent de celui diagnostiqu\u00e9 lors de la pr\u00e9c\u00e9dente r\u00e9paration, un nouvel appel de service vous sera factur\u00e9.<\/h4>\n<p>Notre garantie limit\u00e9e selon les conditions du manufacturier signifie que les pi\u00e8ces install\u00e9es par Service Servotech fonctionneront de fa\u00e7on satisfaisante dans des conditions d\u2019utilisation normale, ce qui exclut notamment tout bris caus\u00e9 par une utilisation inappropri\u00e9e ou l\u2019usage abusif de l\u2019appareil. Dans le cas o\u00f9 une pi\u00e8ce ne fonctionnerait pas normalement, Service Servotech la garantit selon les termes suivants\u00a0:<\/p>\n<ul>\n<li>Utilisation r\u00e9sidentielle (par famille) : la garantie est de 3 mois, pi\u00e8ces et main d\u2019\u0153uvre.<\/li>\n<li>Utilisation commerciale (incluant les immeubles \u00e0 revenus) et autres utilisations: la garantie est de 90 jours, pi\u00e8ces et main d\u2019\u0153uvre.<\/li>\n<\/ul>\n<h3>PI\u00c8CES NON DISPONIBLES<\/h3>\n<p>L\u2019obligation de remplacement de Service Servotech sera nulle advenant que la pi\u00e8ce ne soit plus disponible aupr\u00e8s du manufacturier original de ladite pi\u00e8ce.<\/p>\n<h3>EXCLUSIONS<\/h3>\n<p>Les filtres \u00e0 eau, les pi\u00e8ces cosm\u00e9tiques ou non fonctionnelles comprenant notamment, mais sans limitation, les verres de table de cuisson, verres, garnitures, boutons, plaquettes, grilles, r\u00e9servoirs, cuves, paniers, composantes structurelles, portes, contre-portes, \u00e9tag\u00e8res, etc. Toute pi\u00e8ce install\u00e9e sous la garantie du manufacturier ou sous une garantie prolong\u00e9e verra sa garantie termin\u00e9e en m\u00eame temps que lesdites garanties du manufacturier. Les r\u00e9parations dues au mauvais fonctionnement de pi\u00e8ces autres que celles sous garantie seront factur\u00e9es s\u00e9par\u00e9ment et ne sont cons\u00e9quemment pas couvertes par cette garantie. Cette garantie limit\u00e9e est seulement offerte aux clients vis\u00e9s par les pr\u00e9sentes. Nous ne sommes pas responsables envers les tiers. Nous n\u2019assumons aucune responsabilit\u00e9 et ne sommes pas responsables de quelque perte que ce soit caus\u00e9 par le bris d\u2019une pi\u00e8ce remplac\u00e9e, ce qui inclut des pertes de nourriture, des v\u00eatements d\u00e9chir\u00e9s, tach\u00e9s ou br\u00fbl\u00e9s, des moulures bris\u00e9es dans le d\u00e9montage ou l\u2019assemblage et des couvre-planchers abim\u00e9s lors du d\u00e9placement d\u2019un appareil. Cette garantie s\u2019applique \u00e0 la main-d\u2019\u0153uvre fournie pendant les heures normales d\u2019affaires. Des frais additionnels seront ajout\u00e9s pour des travaux r\u00e9alis\u00e9s hors des heures normales d\u2019affaires.<\/p>\n<p>Les pi\u00e8ces install\u00e9es sous le couvert d\u2019une garantie ne recevront pas de garantie additionnelle. Toutes les pi\u00e8ces de remplacement qui auraient \u00e9t\u00e9 install\u00e9es sous le couvert de la garantie originale verront aussi leur garantie expirer.<\/p>\n<h3>ANNULATION DE LA GARANTIE<\/h3>\n<p>La garantie pourra \u00eatre consid\u00e9r\u00e9e nulle \u00e0 la discr\u00e9tion de Service Servotech si le solde de la facture de la r\u00e9paration n\u2019est pas acquitt\u00e9 dans les 30 jours suivant l\u2019ex\u00e9cution des travaux de r\u00e9paration ou si le ch\u00e8que payant le solde de la facture n\u2019est pas honor\u00e9 par la banque. La garantie de Service Servotech N\u2019EST PAS transferable, advenant la vente ou le demenagement de l\u2019appareil repare.<\/p>\n<h4>LES TRAVAUX R\u00c9ALIS\u00c9S PAR LE CONSOMMATEUR OU QUELQUE AUTRE ENTREPRISE QUE CE SOIT ENTRAINERONT L\u2019ANNULATION DE LA GARANTIE OFFERTE.<\/h4>\n<p>Aucune garantie n\u2019est offerte sur l\u2019installation de pi\u00e8ces achet\u00e9es ailleurs que chez Service Servotech. Aucune garantie n\u2019est offerte sur les travaux d\u2019entretien et de maintenance.[\/vc_column_text][\/vc_column][\/vc_row][vc_row type=&#8221;full_width_background&#8221; full_screen_row_position=&#8221;middle&#8221; column_margin=&#8221;default&#8221; equal_height=&#8221;yes&#8221; content_placement=&#8221;middle&#8221; column_direction=&#8221;default&#8221; column_direction_tablet=&#8221;default&#8221; column_direction_phone=&#8221;default&#8221; bg_color=&#8221;#4c76de&#8221; scene_position=&#8221;center&#8221; top_padding=&#8221;70&#8243; bottom_padding=&#8221;70&#8243; text_color=&#8221;light&#8221; text_align=&#8221;left&#8221; row_border_radius=&#8221;none&#8221; row_border_radius_applies=&#8221;bg&#8221; overflow=&#8221;visible&#8221; overlay_strength=&#8221;0.95&#8243; gradient_direction=&#8221;left_to_right&#8221; shape_divider_position=&#8221;bottom&#8221; bg_image_animation=&#8221;none&#8221; shape_type=&#8221;&#8221; gradient_type=&#8221;default&#8221;][vc_column column_padding=&#8221;no-extra-padding&#8221; column_padding_tablet=&#8221;inherit&#8221; column_padding_phone=&#8221;inherit&#8221; column_padding_position=&#8221;all&#8221; column_element_direction_desktop=&#8221;default&#8221; column_element_spacing=&#8221;default&#8221; desktop_text_alignment=&#8221;default&#8221; tablet_text_alignment=&#8221;center&#8221; phone_text_alignment=&#8221;center&#8221; background_color_opacity=&#8221;1&#8243; background_hover_color_opacity=&#8221;1&#8243; column_backdrop_filter=&#8221;none&#8221; column_shadow=&#8221;none&#8221; column_border_radius=&#8221;none&#8221; column_link_target=&#8221;_self&#8221; column_position=&#8221;default&#8221; gradient_direction=&#8221;left_to_right&#8221; overlay_strength=&#8221;0.3&#8243; width=&#8221;2\/3&#8243; tablet_width_inherit=&#8221;default&#8221; animation_type=&#8221;default&#8221; bg_image_animation=&#8221;none&#8221; border_type=&#8221;simple&#8221; column_border_width=&#8221;none&#8221; column_border_style=&#8221;solid&#8221;][split_line_heading animation_type=&#8221;line-reveal-by-space&#8221; font_style=&#8221;h4&#8243; line_reveal_by_space_text_effect=&#8221;default&#8221; content_alignment=&#8221;default&#8221; mobile_content_alignment=&#8221;inherit&#8221; link_target=&#8221;_self&#8221; text_content=&#8221;Avez-vous besoin de r\u00e9parer vos appareils \u00e9lectrom\u00e9nagers?&#8221; font_size=&#8221;26&#8243;][\/split_line_heading][split_line_heading animation_type=&#8221;line-reveal-by-space&#8221; font_style=&#8221;h2&#8243; line_reveal_by_space_text_effect=&#8221;default&#8221; content_alignment=&#8221;default&#8221; mobile_content_alignment=&#8221;inherit&#8221; link_target=&#8221;_self&#8221; text_content=&#8221;Contactez notre \u00e9quipe maintenant&#8221;][\/split_line_heading][\/vc_column][vc_column column_padding=&#8221;no-extra-padding&#8221; column_padding_tablet=&#8221;inherit&#8221; column_padding_phone=&#8221;inherit&#8221; column_padding_position=&#8221;all&#8221; column_element_direction_desktop=&#8221;default&#8221; column_element_spacing=&#8221;default&#8221; desktop_text_alignment=&#8221;default&#8221; tablet_text_alignment=&#8221;center&#8221; phone_text_alignment=&#8221;center&#8221; background_color_opacity=&#8221;1&#8243; background_hover_color_opacity=&#8221;1&#8243; column_backdrop_filter=&#8221;none&#8221; column_shadow=&#8221;none&#8221; column_border_radius=&#8221;none&#8221; column_link_target=&#8221;_self&#8221; column_position=&#8221;default&#8221; gradient_direction=&#8221;left_to_right&#8221; overlay_strength=&#8221;0.3&#8243; width=&#8221;1\/3&#8243; tablet_width_inherit=&#8221;default&#8221; animation_type=&#8221;default&#8221; bg_image_animation=&#8221;none&#8221; border_type=&#8221;simple&#8221; column_border_width=&#8221;none&#8221; column_border_style=&#8221;solid&#8221;][nectar_cta btn_style=&#8221;arrow-animation&#8221; heading_tag=&#8221;h4&#8243; button_color=&#8221;white&#8221; text_color=&#8221;#4c76de&#8221; button_border_thickness=&#8221;0px&#8221; link_type=&#8221;regular&#8221; alignment=&#8221;left&#8221; alignment_tablet=&#8221;default&#8221; alignment_phone=&#8221;default&#8221; display=&#8221;block&#8221; display_tablet=&#8221;inherit&#8221; display_phone=&#8221;inherit&#8221; link_text=&#8221;Contactez-nous&#8221; margin_top=&#8221;30&#8243; padding_top=&#8221;20&#8243; padding_right=&#8221;40&#8243; padding_bottom=&#8221;20&#8243; padding_left=&#8221;40&#8243; font_size_phone=&#8221;20&#8243; url=&#8221;https:\/\/serviceservotech.com\/fr\/contactez-nous\/&#8221;][\/vc_column][\/vc_row][vc_row type=&#8221;full_width_background&#8221; full_screen_row_position=&#8221;middle&#8221; column_margin=&#8221;default&#8221; column_direction=&#8221;default&#8221; column_direction_tablet=&#8221;default&#8221; column_direction_phone=&#8221;default&#8221; scene_position=&#8221;center&#8221; top_padding=&#8221;3%&#8221; bottom_padding=&#8221;3%&#8221; top_padding_phone=&#8221;6%&#8221; bottom_padding_phone=&#8221;6%&#8221; text_color=&#8221;dark&#8221; text_align=&#8221;left&#8221; row_border_radius=&#8221;none&#8221; row_border_radius_applies=&#8221;bg&#8221; overflow=&#8221;visible&#8221; overlay_strength=&#8221;0.3&#8243; gradient_direction=&#8221;left_to_right&#8221; shape_divider_position=&#8221;bottom&#8221; bg_image_animation=&#8221;none&#8221; shape_type=&#8221;&#8221; gradient_type=&#8221;default&#8221;][vc_column column_padding=&#8221;no-extra-padding&#8221; column_padding_tablet=&#8221;inherit&#8221; column_padding_phone=&#8221;inherit&#8221; column_padding_position=&#8221;all&#8221; column_element_direction_desktop=&#8221;default&#8221; column_element_spacing=&#8221;default&#8221; desktop_text_alignment=&#8221;default&#8221; tablet_text_alignment=&#8221;default&#8221; phone_text_alignment=&#8221;default&#8221; background_color_opacity=&#8221;1&#8243; background_hover_color_opacity=&#8221;1&#8243; column_backdrop_filter=&#8221;none&#8221; column_shadow=&#8221;none&#8221; column_border_radius=&#8221;none&#8221; column_link_target=&#8221;_self&#8221; column_position=&#8221;default&#8221; gradient_direction=&#8221;left_to_right&#8221; overlay_strength=&#8221;0.3&#8243; width=&#8221;1\/1&#8243; tablet_width_inherit=&#8221;default&#8221; animation_type=&#8221;default&#8221; bg_image_animation=&#8221;none&#8221; border_type=&#8221;simple&#8221; column_border_width=&#8221;none&#8221; column_border_style=&#8221;solid&#8221;][vc_custom_heading text=&#8221;Nous acceptons les cartes Visa, MasterCard, e-transfert, Amex et les esp\u00e8ces.&#8221; font_container=&#8221;tag:h2|font_size:35|text_align:center|line_height:37px&#8221; use_theme_fonts=&#8221;yes&#8221; css_animation=&#8221;fadeInUp&#8221;][vc_row_inner column_margin=&#8221;default&#8221; column_direction=&#8221;default&#8221; column_direction_tablet=&#8221;default&#8221; column_direction_phone=&#8221;default&#8221; top_padding=&#8221;2%&#8221; text_align=&#8221;left&#8221; row_position=&#8221;default&#8221; row_position_tablet=&#8221;inherit&#8221; row_position_phone=&#8221;inherit&#8221; overflow=&#8221;visible&#8221; pointer_events=&#8221;all&#8221;][vc_column_inner column_padding=&#8221;no-extra-padding&#8221; column_padding_tablet=&#8221;inherit&#8221; column_padding_phone=&#8221;inherit&#8221; column_padding_position=&#8221;all&#8221; column_element_direction_desktop=&#8221;default&#8221; column_element_spacing=&#8221;default&#8221; desktop_text_alignment=&#8221;default&#8221; tablet_text_alignment=&#8221;default&#8221; phone_text_alignment=&#8221;default&#8221; background_color_opacity=&#8221;1&#8243; background_hover_color_opacity=&#8221;1&#8243; column_backdrop_filter=&#8221;none&#8221; column_shadow=&#8221;none&#8221; column_border_radius=&#8221;none&#8221; column_link_target=&#8221;_self&#8221; overflow=&#8221;visible&#8221; gradient_direction=&#8221;left_to_right&#8221; overlay_strength=&#8221;0.3&#8243; width=&#8221;1\/1&#8243; tablet_width_inherit=&#8221;default&#8221; animation_type=&#8221;default&#8221; bg_image_animation=&#8221;none&#8221; border_type=&#8221;simple&#8221; column_border_width=&#8221;none&#8221; column_border_style=&#8221;solid&#8221;][clients columns=&#8221;5&#8243; hover_effect=&#8221;opacity&#8221; additional_padding=&#8221;4&#8243; carousel=&#8221;true&#8221;][client image=&#8221;16007&#8243; url_target=&#8221;_blank&#8221; title=&#8221;Client&#8221; id=&#8221;1677770342775-7&#8243; url=&#8221;#&#8221; name=&#8221;VISA&#8221; tab_id=&#8221;1677770342775-7&#8243;][vc_column_text][\/vc_column_text][\/client][client image=&#8221;16000&#8243; url_target=&#8221;_blank&#8221; title=&#8221;Client&#8221; id=&#8221;1677770342810-3&#8243; url=&#8221;#&#8221; name=&#8221;MASTERCARD&#8221; tab_id=&#8221;1677770342811-7&#8243;][vc_column_text][\/vc_column_text][\/client][client image=&#8221;16002&#8243; url_target=&#8221;_blank&#8221; title=&#8221;Client&#8221; id=&#8221;1677770342831-9&#8243; url=&#8221;#&#8221; name=&#8221;SQUARE&#8221; tab_id=&#8221;1677770342831-10&#8243;][vc_column_text][\/vc_column_text][\/client][client image=&#8221;15998&#8243; url_target=&#8221;_blank&#8221; title=&#8221;Client&#8221; id=&#8221;1677770342847-2&#8243; url=&#8221;#&#8221; name=&#8221;AMERICALEXPRESS&#8221; tab_id=&#8221;1677770342847-7&#8243;][\/client][client image=&#8221;19437&#8243; url_target=&#8221;_blank&#8221; title=&#8221;Client&#8221; id=&#8221;1677770342862-3&#8243; url=&#8221;#&#8221; name=&#8221;INTERACT&#8221; tab_id=&#8221;1677770342862-0&#8243;][vc_column_text][\/vc_column_text][\/client][\/clients][\/vc_column_inner][\/vc_row_inner][\/vc_column][\/vc_row]\n","protected":false},"excerpt":{"rendered":"<p>[vc_row type=&#8221;in_container&#8221; full_screen_row_position=&#8221;middle&#8221; column_margin=&#8221;default&#8221; column_direction=&#8221;default&#8221; column_direction_tablet=&#8221;default&#8221; column_direction_phone=&#8221;default&#8221; bg_color=&#8221;#ffffff&#8221; scene_position=&#8221;center&#8221; top_padding=&#8221;2%&#8221; text_color=&#8221;dark&#8221; text_align=&#8221;left&#8221; row_border_radius=&#8221;none&#8221; row_border_radius_applies=&#8221;bg&#8221; overflow=&#8221;visible&#8221; overlay_strength=&#8221;0.3&#8243; gradient_direction=&#8221;left_to_right&#8221; shape_divider_position=&#8221;bottom&#8221; bg_image_animation=&#8221;none&#8221; gradient_type=&#8221;default&#8221; shape_type=&#8221;&#8221;][vc_column column_padding=&#8221;no-extra-padding&#8221; column_padding_tablet=&#8221;inherit&#8221; column_padding_phone=&#8221;inherit&#8221; column_padding_position=&#8221;all&#8221; column_element_direction_desktop=&#8221;default&#8221; column_element_spacing=&#8221;default&#8221; desktop_text_alignment=&#8221;center&#8221; tablet_text_alignment=&#8221;default&#8221; phone_text_alignment=&#8221;default&#8221;&#8230;<\/p>\n","protected":false},"author":1,"featured_media":0,"parent":0,"menu_order":0,"comment_status":"closed","ping_status":"closed","template":"","meta":{"footnotes":""},"class_list":["post-16134","page","type-page","status-publish"],"yoast_head":"<!-- This site is optimized with the Yoast SEO plugin v25.5 - https:\/\/yoast.com\/wordpress\/plugins\/seo\/ -->\n<title>Servotech garantie toutes ses r\u00e9parations d&#039;\u00e9lectrom\u00e9nagers<\/title>\n<meta name=\"description\" content=\"Servotech offre un service garanti de r\u00e9paration d&#039;\u00e9lectrom\u00e9nagers \u00e0 un taux fixe. Appelez-nous d\u00e8s aujourd&#039;hui.\" \/>\n<meta name=\"robots\" content=\"index, follow, max-snippet:-1, max-image-preview:large, max-video-preview:-1\" \/>\n<link rel=\"canonical\" href=\"https:\/\/serviceservotech.com\/fr\/garanties\/\" \/>\n<meta property=\"og:locale\" content=\"fr_FR\" \/>\n<meta property=\"og:type\" content=\"article\" \/>\n<meta property=\"og:title\" content=\"Servotech garantie toutes ses r\u00e9parations d&#039;\u00e9lectrom\u00e9nagers\" \/>\n<meta property=\"og:description\" content=\"Servotech offre un service garanti de r\u00e9paration d&#039;\u00e9lectrom\u00e9nagers \u00e0 un taux fixe. Appelez-nous d\u00e8s aujourd&#039;hui.\" \/>\n<meta property=\"og:url\" content=\"https:\/\/serviceservotech.com\/fr\/garanties\/\" \/>\n<meta property=\"og:site_name\" content=\"Service Servotech\" \/>\n<meta property=\"article:modified_time\" content=\"2024-03-28T10:38:08+00:00\" \/>\n<meta name=\"twitter:card\" content=\"summary_large_image\" \/>\n<meta name=\"twitter:label1\" content=\"Dur\u00e9e de lecture estim\u00e9e\" \/>\n\t<meta name=\"twitter:data1\" content=\"5 minutes\" \/>\n<!-- \/ Yoast SEO plugin. -->","yoast_head_json":{"title":"Servotech garantie toutes ses r\u00e9parations d'\u00e9lectrom\u00e9nagers","description":"Servotech offre un service garanti de r\u00e9paration d'\u00e9lectrom\u00e9nagers \u00e0 un taux fixe. Appelez-nous d\u00e8s aujourd'hui.","robots":{"index":"index","follow":"follow","max-snippet":"max-snippet:-1","max-image-preview":"max-image-preview:large","max-video-preview":"max-video-preview:-1"},"canonical":"https:\/\/serviceservotech.com\/fr\/garanties\/","og_locale":"fr_FR","og_type":"article","og_title":"Servotech garantie toutes ses r\u00e9parations d'\u00e9lectrom\u00e9nagers","og_description":"Servotech offre un service garanti de r\u00e9paration d'\u00e9lectrom\u00e9nagers \u00e0 un taux fixe. Appelez-nous d\u00e8s aujourd'hui.","og_url":"https:\/\/serviceservotech.com\/fr\/garanties\/","og_site_name":"Service Servotech","article_modified_time":"2024-03-28T10:38:08+00:00","twitter_card":"summary_large_image","twitter_misc":{"Dur\u00e9e de lecture estim\u00e9e":"5 minutes"},"schema":{"@context":"https:\/\/schema.org","@graph":[{"@type":"WebPage","@id":"https:\/\/serviceservotech.com\/fr\/garanties\/","url":"https:\/\/serviceservotech.com\/fr\/garanties\/","name":"Servotech garantie toutes ses r\u00e9parations d'\u00e9lectrom\u00e9nagers","isPartOf":{"@id":"https:\/\/serviceservotech.com\/#website"},"datePublished":"2020-11-03T13:10:59+00:00","dateModified":"2024-03-28T10:38:08+00:00","description":"Servotech offre un service garanti de r\u00e9paration d'\u00e9lectrom\u00e9nagers \u00e0 un taux fixe. Appelez-nous d\u00e8s aujourd'hui.","breadcrumb":{"@id":"https:\/\/serviceservotech.com\/fr\/garanties\/#breadcrumb"},"inLanguage":"fr-FR","potentialAction":[{"@type":"ReadAction","target":["https:\/\/serviceservotech.com\/fr\/garanties\/"]}]},{"@type":"BreadcrumbList","@id":"https:\/\/serviceservotech.com\/fr\/garanties\/#breadcrumb","itemListElement":[{"@type":"ListItem","position":1,"name":"Accueil","item":"https:\/\/serviceservotech.com\/fr\/"},{"@type":"ListItem","position":2,"name":"Garanties sur nos r\u00e9parations d&#8217;\u00e9lecrom\u00e9nagers"}]},{"@type":"WebSite","@id":"https:\/\/serviceservotech.com\/#website","url":"https:\/\/serviceservotech.com\/","name":"Service Servotech","description":"Appliances and Air Conditioning Repair","potentialAction":[{"@type":"SearchAction","target":{"@type":"EntryPoint","urlTemplate":"https:\/\/serviceservotech.com\/?s={search_term_string}"},"query-input":{"@type":"PropertyValueSpecification","valueRequired":true,"valueName":"search_term_string"}}],"inLanguage":"fr-FR"}]}},"_links":{"self":[{"href":"https:\/\/serviceservotech.com\/fr\/wp-json\/wp\/v2\/pages\/16134","targetHints":{"allow":["GET"]}}],"collection":[{"href":"https:\/\/serviceservotech.com\/fr\/wp-json\/wp\/v2\/pages"}],"about":[{"href":"https:\/\/serviceservotech.com\/fr\/wp-json\/wp\/v2\/types\/page"}],"author":[{"embeddable":true,"href":"https:\/\/serviceservotech.com\/fr\/wp-json\/wp\/v2\/users\/1"}],"replies":[{"embeddable":true,"href":"https:\/\/serviceservotech.com\/fr\/wp-json\/wp\/v2\/comments?post=16134"}],"version-history":[{"count":6,"href":"https:\/\/serviceservotech.com\/fr\/wp-json\/wp\/v2\/pages\/16134\/revisions"}],"predecessor-version":[{"id":21851,"href":"https:\/\/serviceservotech.com\/fr\/wp-json\/wp\/v2\/pages\/16134\/revisions\/21851"}],"wp:attachment":[{"href":"https:\/\/serviceservotech.com\/fr\/wp-json\/wp\/v2\/media?parent=16134"}],"curies":[{"name":"wp","href":"https:\/\/api.w.org\/{rel}","templated":true}]}}