{"id":15973,"date":"2020-10-23T13:30:18","date_gmt":"2020-10-23T13:30:18","guid":{"rendered":"http:\/\/traducteuranglaisfrancais.ca\/covid-19-policy\/"},"modified":"2024-03-28T10:21:41","modified_gmt":"2024-03-28T10:21:41","slug":"politique-covid-19","status":"publish","type":"page","link":"https:\/\/serviceservotech.com\/fr\/politique-covid-19\/","title":{"rendered":"Nos techniciens en r\u00e9paration d&#8217;\u00e9lectrom\u00e9nagers vous prot\u00e8gent"},"content":{"rendered":"[vc_row type=&#8221;in_container&#8221; full_screen_row_position=&#8221;middle&#8221; column_margin=&#8221;default&#8221; column_direction=&#8221;default&#8221; column_direction_tablet=&#8221;default&#8221; column_direction_phone=&#8221;default&#8221; bg_color=&#8221;#ffffff&#8221; scene_position=&#8221;center&#8221; top_padding=&#8221;2%&#8221; text_color=&#8221;dark&#8221; text_align=&#8221;left&#8221; row_border_radius=&#8221;none&#8221; row_border_radius_applies=&#8221;bg&#8221; overflow=&#8221;visible&#8221; overlay_strength=&#8221;0.3&#8243; gradient_direction=&#8221;left_to_right&#8221; shape_divider_position=&#8221;bottom&#8221; bg_image_animation=&#8221;none&#8221; gradient_type=&#8221;default&#8221; shape_type=&#8221;&#8221;][vc_column column_padding=&#8221;no-extra-padding&#8221; column_padding_tablet=&#8221;inherit&#8221; column_padding_phone=&#8221;inherit&#8221; column_padding_position=&#8221;all&#8221; column_element_direction_desktop=&#8221;default&#8221; column_element_spacing=&#8221;default&#8221; desktop_text_alignment=&#8221;center&#8221; tablet_text_alignment=&#8221;default&#8221; phone_text_alignment=&#8221;default&#8221; background_color=&#8221;#ffffff&#8221; background_color_opacity=&#8221;1&#8243; background_hover_color_opacity=&#8221;1&#8243; column_backdrop_filter=&#8221;none&#8221; column_shadow=&#8221;none&#8221; column_border_radius=&#8221;10px&#8221; column_link_target=&#8221;_self&#8221; column_position=&#8221;default&#8221; gradient_direction=&#8221;left_to_right&#8221; overlay_strength=&#8221;0.3&#8243; width=&#8221;1\/1&#8243; tablet_width_inherit=&#8221;default&#8221; animation_type=&#8221;default&#8221; bg_image_animation=&#8221;none&#8221; border_type=&#8221;simple&#8221; column_border_width=&#8221;none&#8221; column_border_color=&#8221;#4c76de&#8221; column_border_style=&#8221;solid&#8221; column_padding_type=&#8221;default&#8221; gradient_type=&#8221;default&#8221;][image_with_animation image_url=&#8221;70&#8243; image_size=&#8221;full&#8221; animation_type=&#8221;entrance&#8221; animation=&#8221;None&#8221; animation_movement_type=&#8221;transform_y&#8221; hover_animation=&#8221;none&#8221; alignment=&#8221;&#8221; border_radius=&#8221;none&#8221; box_shadow=&#8221;none&#8221; image_loading=&#8221;default&#8221; max_width=&#8221;100%&#8221; max_width_mobile=&#8221;default&#8221;][vc_custom_heading text=&#8221;Nos techniciens en r\u00e9paration d\u2019\u00e9lectrom\u00e9nagers vous prot\u00e8gent&#8221; font_container=&#8221;tag:h1|font_size:52|text_align:center|line_height:55px&#8221; use_theme_fonts=&#8221;yes&#8221; css_animation=&#8221;fadeInUp&#8221;][divider line_type=&#8221;Small Line&#8221; line_alignment=&#8221;center&#8221; line_thickness=&#8221;3&#8243; divider_color=&#8221;extra-color-gradient-1&#8243; animate=&#8221;yes&#8221; delay=&#8221;100&#8243; custom_line_width=&#8221;120&#8243;][\/vc_column][\/vc_row][vc_row type=&#8221;in_container&#8221; full_screen_row_position=&#8221;middle&#8221; column_margin=&#8221;default&#8221; column_direction=&#8221;default&#8221; column_direction_tablet=&#8221;default&#8221; column_direction_phone=&#8221;default&#8221; scene_position=&#8221;center&#8221; bottom_padding=&#8221;5%&#8221; text_color=&#8221;dark&#8221; text_align=&#8221;left&#8221; row_border_radius=&#8221;none&#8221; row_border_radius_applies=&#8221;bg&#8221; overflow=&#8221;visible&#8221; overlay_strength=&#8221;0.3&#8243; gradient_direction=&#8221;left_to_right&#8221; shape_divider_position=&#8221;bottom&#8221; bg_image_animation=&#8221;none&#8221; gradient_type=&#8221;default&#8221; shape_type=&#8221;&#8221;][vc_column column_padding=&#8221;no-extra-padding&#8221; column_padding_tablet=&#8221;inherit&#8221; column_padding_phone=&#8221;inherit&#8221; column_padding_position=&#8221;all&#8221; column_element_direction_desktop=&#8221;default&#8221; column_element_spacing=&#8221;default&#8221; desktop_text_alignment=&#8221;default&#8221; tablet_text_alignment=&#8221;default&#8221; phone_text_alignment=&#8221;default&#8221; background_color_opacity=&#8221;1&#8243; background_hover_color_opacity=&#8221;1&#8243; column_backdrop_filter=&#8221;none&#8221; column_shadow=&#8221;none&#8221; column_border_radius=&#8221;none&#8221; column_link_target=&#8221;_self&#8221; column_position=&#8221;default&#8221; gradient_direction=&#8221;left_to_right&#8221; overlay_strength=&#8221;0.3&#8243; width=&#8221;1\/1&#8243; tablet_width_inherit=&#8221;default&#8221; animation_type=&#8221;default&#8221; bg_image_animation=&#8221;none&#8221; border_type=&#8221;simple&#8221; column_border_width=&#8221;none&#8221; column_border_style=&#8221;solid&#8221;][vc_column_text]Bonjour \u00e0 tous,<\/p>\n<p>Nous esp\u00e9rons que vous \u00eates en s\u00e9curit\u00e9 avec votre famille et vos amis.<\/p>\n<p>Nous devons tous suivre les directives du gouvernement et des agences de sant\u00e9 publique pour \u00e9viter la propagation du COVID-19 dans notre pays.<\/p>\n<p>Nous suivons la situation du coronavirus et veillons \u00e0 respecter les directives pour prot\u00e9ger nos employ\u00e9s et clients.<\/p>\n<p>Service Servotech reste ouvert pour vous aider \u00e0 r\u00e9parer vos appareils pendant cette p\u00e9riode difficile.<\/p>\n<p>Voici nos mesures pour \u00e9viter la propagation du virus:<\/p>\n<p>Nous interrogeons nos clients sur leur \u00e9tat de sant\u00e9<br \/>\nNos techniciens portent des gants et ont des d\u00e9sinfectants pour les mains pour chaque r\u00e9paration<br \/>\nNos employ\u00e9s et techniciens se lavent r\u00e9guli\u00e8rement les mains avec du savon pendant 20 secondes<br \/>\nLes pratiques de distanciation sociale sont respect\u00e9es; nous demandons \u00e0 nos clients de garder une distance respectable de 4 m\u00e8tres de nos techniciens<br \/>\nTous les outils utilis\u00e9s par nos techniciens sont soigneusement nettoy\u00e9s<br \/>\nNous sommes pr\u00eats \u00e0 vous servir pendant cette p\u00e9riode difficile. Restez en s\u00e9curit\u00e9 et prenez la responsabilit\u00e9 de maintenir un environnement sain.<\/p>\n<p>N\u2019h\u00e9sitez pas \u00e0 nous appeler au (514) 519-3161 si vous avez des questions.<\/p>\n<p>Prenez soin de vous et de votre famille.<\/p>\n<p>Service Servotech[\/vc_column_text][\/vc_column][\/vc_row][vc_row type=&#8221;full_width_background&#8221; full_screen_row_position=&#8221;middle&#8221; column_margin=&#8221;default&#8221; equal_height=&#8221;yes&#8221; content_placement=&#8221;middle&#8221; column_direction=&#8221;default&#8221; column_direction_tablet=&#8221;default&#8221; column_direction_phone=&#8221;default&#8221; bg_color=&#8221;#4c76de&#8221; scene_position=&#8221;center&#8221; top_padding=&#8221;70&#8243; bottom_padding=&#8221;70&#8243; text_color=&#8221;light&#8221; text_align=&#8221;left&#8221; row_border_radius=&#8221;none&#8221; row_border_radius_applies=&#8221;bg&#8221; overflow=&#8221;visible&#8221; overlay_strength=&#8221;0.95&#8243; gradient_direction=&#8221;left_to_right&#8221; shape_divider_position=&#8221;bottom&#8221; bg_image_animation=&#8221;none&#8221; shape_type=&#8221;&#8221; gradient_type=&#8221;default&#8221;][vc_column column_padding=&#8221;no-extra-padding&#8221; column_padding_tablet=&#8221;inherit&#8221; column_padding_phone=&#8221;inherit&#8221; column_padding_position=&#8221;all&#8221; column_element_direction_desktop=&#8221;default&#8221; column_element_spacing=&#8221;default&#8221; desktop_text_alignment=&#8221;default&#8221; tablet_text_alignment=&#8221;center&#8221; phone_text_alignment=&#8221;center&#8221; background_color_opacity=&#8221;1&#8243; background_hover_color_opacity=&#8221;1&#8243; column_backdrop_filter=&#8221;none&#8221; column_shadow=&#8221;none&#8221; column_border_radius=&#8221;none&#8221; column_link_target=&#8221;_self&#8221; column_position=&#8221;default&#8221; gradient_direction=&#8221;left_to_right&#8221; overlay_strength=&#8221;0.3&#8243; width=&#8221;2\/3&#8243; tablet_width_inherit=&#8221;default&#8221; animation_type=&#8221;default&#8221; bg_image_animation=&#8221;none&#8221; border_type=&#8221;simple&#8221; column_border_width=&#8221;none&#8221; column_border_style=&#8221;solid&#8221;][split_line_heading animation_type=&#8221;line-reveal-by-space&#8221; font_style=&#8221;h4&#8243; line_reveal_by_space_text_effect=&#8221;default&#8221; content_alignment=&#8221;default&#8221; mobile_content_alignment=&#8221;inherit&#8221; link_target=&#8221;_self&#8221; text_content=&#8221;Avez-vous besoin de r\u00e9parer vos appareils \u00e9lectrom\u00e9nagers?&#8221; font_size=&#8221;26&#8243;][\/split_line_heading][split_line_heading animation_type=&#8221;line-reveal-by-space&#8221; font_style=&#8221;h2&#8243; line_reveal_by_space_text_effect=&#8221;default&#8221; content_alignment=&#8221;default&#8221; mobile_content_alignment=&#8221;inherit&#8221; link_target=&#8221;_self&#8221; text_content=&#8221;Contactez notre \u00e9quipe maintenant&#8221;][\/split_line_heading][\/vc_column][vc_column column_padding=&#8221;no-extra-padding&#8221; column_padding_tablet=&#8221;inherit&#8221; column_padding_phone=&#8221;inherit&#8221; column_padding_position=&#8221;all&#8221; column_element_direction_desktop=&#8221;default&#8221; column_element_spacing=&#8221;default&#8221; desktop_text_alignment=&#8221;default&#8221; tablet_text_alignment=&#8221;center&#8221; phone_text_alignment=&#8221;center&#8221; background_color_opacity=&#8221;1&#8243; background_hover_color_opacity=&#8221;1&#8243; column_backdrop_filter=&#8221;none&#8221; column_shadow=&#8221;none&#8221; column_border_radius=&#8221;none&#8221; column_link_target=&#8221;_self&#8221; column_position=&#8221;default&#8221; gradient_direction=&#8221;left_to_right&#8221; overlay_strength=&#8221;0.3&#8243; width=&#8221;1\/3&#8243; tablet_width_inherit=&#8221;default&#8221; animation_type=&#8221;default&#8221; bg_image_animation=&#8221;none&#8221; border_type=&#8221;simple&#8221; column_border_width=&#8221;none&#8221; column_border_style=&#8221;solid&#8221;][nectar_cta btn_style=&#8221;arrow-animation&#8221; heading_tag=&#8221;h4&#8243; button_color=&#8221;white&#8221; text_color=&#8221;#4c76de&#8221; button_border_thickness=&#8221;0px&#8221; link_type=&#8221;regular&#8221; alignment=&#8221;left&#8221; alignment_tablet=&#8221;default&#8221; alignment_phone=&#8221;default&#8221; display=&#8221;block&#8221; display_tablet=&#8221;inherit&#8221; display_phone=&#8221;inherit&#8221; link_text=&#8221;Contactez-nous&#8221; margin_top=&#8221;30&#8243; padding_top=&#8221;20&#8243; padding_right=&#8221;40&#8243; padding_bottom=&#8221;20&#8243; padding_left=&#8221;40&#8243; font_size_phone=&#8221;20&#8243; url=&#8221;https:\/\/serviceservotech.com\/fr\/contactez-nous\/&#8221;][\/vc_column][\/vc_row][vc_row type=&#8221;full_width_background&#8221; full_screen_row_position=&#8221;middle&#8221; column_margin=&#8221;default&#8221; column_direction=&#8221;default&#8221; column_direction_tablet=&#8221;default&#8221; column_direction_phone=&#8221;default&#8221; scene_position=&#8221;center&#8221; top_padding=&#8221;3%&#8221; bottom_padding=&#8221;3%&#8221; top_padding_phone=&#8221;6%&#8221; bottom_padding_phone=&#8221;6%&#8221; text_color=&#8221;dark&#8221; text_align=&#8221;left&#8221; row_border_radius=&#8221;none&#8221; row_border_radius_applies=&#8221;bg&#8221; overflow=&#8221;visible&#8221; overlay_strength=&#8221;0.3&#8243; gradient_direction=&#8221;left_to_right&#8221; shape_divider_position=&#8221;bottom&#8221; bg_image_animation=&#8221;none&#8221; shape_type=&#8221;&#8221; gradient_type=&#8221;default&#8221;][vc_column column_padding=&#8221;no-extra-padding&#8221; column_padding_tablet=&#8221;inherit&#8221; column_padding_phone=&#8221;inherit&#8221; column_padding_position=&#8221;all&#8221; column_element_direction_desktop=&#8221;default&#8221; column_element_spacing=&#8221;default&#8221; desktop_text_alignment=&#8221;default&#8221; tablet_text_alignment=&#8221;default&#8221; phone_text_alignment=&#8221;default&#8221; background_color_opacity=&#8221;1&#8243; background_hover_color_opacity=&#8221;1&#8243; column_backdrop_filter=&#8221;none&#8221; column_shadow=&#8221;none&#8221; column_border_radius=&#8221;none&#8221; column_link_target=&#8221;_self&#8221; column_position=&#8221;default&#8221; gradient_direction=&#8221;left_to_right&#8221; overlay_strength=&#8221;0.3&#8243; width=&#8221;1\/1&#8243; tablet_width_inherit=&#8221;default&#8221; animation_type=&#8221;default&#8221; bg_image_animation=&#8221;none&#8221; border_type=&#8221;simple&#8221; column_border_width=&#8221;none&#8221; column_border_style=&#8221;solid&#8221;][vc_custom_heading text=&#8221;Nous acceptons les cartes Visa, MasterCard, e-transfert, Amex et les esp\u00e8ces.&#8221; font_container=&#8221;tag:h2|font_size:35|text_align:center|line_height:37px&#8221; use_theme_fonts=&#8221;yes&#8221; css_animation=&#8221;fadeInUp&#8221;][vc_row_inner column_margin=&#8221;default&#8221; column_direction=&#8221;default&#8221; column_direction_tablet=&#8221;default&#8221; column_direction_phone=&#8221;default&#8221; top_padding=&#8221;2%&#8221; text_align=&#8221;left&#8221; row_position=&#8221;default&#8221; row_position_tablet=&#8221;inherit&#8221; row_position_phone=&#8221;inherit&#8221; overflow=&#8221;visible&#8221; pointer_events=&#8221;all&#8221;][vc_column_inner column_padding=&#8221;no-extra-padding&#8221; column_padding_tablet=&#8221;inherit&#8221; column_padding_phone=&#8221;inherit&#8221; column_padding_position=&#8221;all&#8221; column_element_direction_desktop=&#8221;default&#8221; column_element_spacing=&#8221;default&#8221; desktop_text_alignment=&#8221;default&#8221; tablet_text_alignment=&#8221;default&#8221; phone_text_alignment=&#8221;default&#8221; background_color_opacity=&#8221;1&#8243; background_hover_color_opacity=&#8221;1&#8243; column_backdrop_filter=&#8221;none&#8221; column_shadow=&#8221;none&#8221; column_border_radius=&#8221;none&#8221; column_link_target=&#8221;_self&#8221; overflow=&#8221;visible&#8221; gradient_direction=&#8221;left_to_right&#8221; overlay_strength=&#8221;0.3&#8243; width=&#8221;1\/1&#8243; tablet_width_inherit=&#8221;default&#8221; animation_type=&#8221;default&#8221; bg_image_animation=&#8221;none&#8221; border_type=&#8221;simple&#8221; column_border_width=&#8221;none&#8221; column_border_style=&#8221;solid&#8221;][clients columns=&#8221;5&#8243; hover_effect=&#8221;opacity&#8221; additional_padding=&#8221;4&#8243; carousel=&#8221;true&#8221;][client image=&#8221;16007&#8243; url_target=&#8221;_blank&#8221; title=&#8221;Client&#8221; id=&#8221;1677770342775-7&#8243; url=&#8221;#&#8221; name=&#8221;VISA&#8221; tab_id=&#8221;1677770342775-7&#8243;][vc_column_text][\/vc_column_text][\/client][client image=&#8221;16000&#8243; url_target=&#8221;_blank&#8221; title=&#8221;Client&#8221; id=&#8221;1677770342810-3&#8243; url=&#8221;#&#8221; name=&#8221;MASTERCARD&#8221; tab_id=&#8221;1677770342811-7&#8243;][vc_column_text][\/vc_column_text][\/client][client image=&#8221;16002&#8243; url_target=&#8221;_blank&#8221; title=&#8221;Client&#8221; id=&#8221;1677770342831-9&#8243; url=&#8221;#&#8221; name=&#8221;SQUARE&#8221; tab_id=&#8221;1677770342831-10&#8243;][vc_column_text][\/vc_column_text][\/client][client image=&#8221;15998&#8243; url_target=&#8221;_blank&#8221; title=&#8221;Client&#8221; id=&#8221;1677770342847-2&#8243; url=&#8221;#&#8221; name=&#8221;AMERICALEXPRESS&#8221; tab_id=&#8221;1677770342847-7&#8243;][\/client][client image=&#8221;19437&#8243; url_target=&#8221;_blank&#8221; title=&#8221;Client&#8221; id=&#8221;1677770342862-3&#8243; url=&#8221;#&#8221; name=&#8221;INTERACT&#8221; tab_id=&#8221;1677770342862-0&#8243;][vc_column_text][\/vc_column_text][\/client][\/clients][\/vc_column_inner][\/vc_row_inner][\/vc_column][\/vc_row]\n","protected":false},"excerpt":{"rendered":"<p>[vc_row type=&#8221;in_container&#8221; full_screen_row_position=&#8221;middle&#8221; column_margin=&#8221;default&#8221; column_direction=&#8221;default&#8221; column_direction_tablet=&#8221;default&#8221; column_direction_phone=&#8221;default&#8221; bg_color=&#8221;#ffffff&#8221; scene_position=&#8221;center&#8221; top_padding=&#8221;2%&#8221; text_color=&#8221;dark&#8221; text_align=&#8221;left&#8221; row_border_radius=&#8221;none&#8221; row_border_radius_applies=&#8221;bg&#8221; overflow=&#8221;visible&#8221; overlay_strength=&#8221;0.3&#8243; gradient_direction=&#8221;left_to_right&#8221; shape_divider_position=&#8221;bottom&#8221; bg_image_animation=&#8221;none&#8221; gradient_type=&#8221;default&#8221; shape_type=&#8221;&#8221;][vc_column column_padding=&#8221;no-extra-padding&#8221; column_padding_tablet=&#8221;inherit&#8221; column_padding_phone=&#8221;inherit&#8221; column_padding_position=&#8221;all&#8221; column_element_direction_desktop=&#8221;default&#8221; column_element_spacing=&#8221;default&#8221; desktop_text_alignment=&#8221;center&#8221; tablet_text_alignment=&#8221;default&#8221; phone_text_alignment=&#8221;default&#8221;&#8230;<\/p>\n","protected":false},"author":1,"featured_media":0,"parent":0,"menu_order":0,"comment_status":"closed","ping_status":"closed","template":"","meta":{"footnotes":""},"class_list":["post-15973","page","type-page","status-publish"],"yoast_head":"<!-- This site is optimized with the Yoast SEO plugin v25.5 - https:\/\/yoast.com\/wordpress\/plugins\/seo\/ -->\n<title>R\u00e9paration \u00e9lectrom\u00e9nagers durant le Covid-19-Servotech<\/title>\n<meta name=\"description\" content=\"Servotech tient votre sant\u00e9 lors des r\u00e9parations d&#039;\u00e9lectrom\u00e9nagers. D\u00e9couvrez comment nos techniciens vous prot\u00e8gent.\" \/>\n<meta name=\"robots\" content=\"index, follow, max-snippet:-1, max-image-preview:large, max-video-preview:-1\" \/>\n<link rel=\"canonical\" href=\"https:\/\/serviceservotech.com\/fr\/politique-covid-19\/\" \/>\n<meta property=\"og:locale\" content=\"fr_FR\" \/>\n<meta property=\"og:type\" content=\"article\" \/>\n<meta property=\"og:title\" content=\"R\u00e9paration \u00e9lectrom\u00e9nagers durant le Covid-19-Servotech\" \/>\n<meta property=\"og:description\" content=\"Servotech tient votre sant\u00e9 lors des r\u00e9parations d&#039;\u00e9lectrom\u00e9nagers. D\u00e9couvrez comment nos techniciens vous prot\u00e8gent.\" \/>\n<meta property=\"og:url\" content=\"https:\/\/serviceservotech.com\/fr\/politique-covid-19\/\" \/>\n<meta property=\"og:site_name\" content=\"Service Servotech\" \/>\n<meta property=\"article:modified_time\" content=\"2024-03-28T10:21:41+00:00\" \/>\n<meta name=\"twitter:card\" content=\"summary_large_image\" \/>\n<meta name=\"twitter:label1\" content=\"Dur\u00e9e de lecture estim\u00e9e\" \/>\n\t<meta name=\"twitter:data1\" content=\"3 minutes\" \/>\n<!-- \/ Yoast SEO plugin. -->","yoast_head_json":{"title":"R\u00e9paration \u00e9lectrom\u00e9nagers durant le Covid-19-Servotech","description":"Servotech tient votre sant\u00e9 lors des r\u00e9parations d'\u00e9lectrom\u00e9nagers. D\u00e9couvrez comment nos techniciens vous prot\u00e8gent.","robots":{"index":"index","follow":"follow","max-snippet":"max-snippet:-1","max-image-preview":"max-image-preview:large","max-video-preview":"max-video-preview:-1"},"canonical":"https:\/\/serviceservotech.com\/fr\/politique-covid-19\/","og_locale":"fr_FR","og_type":"article","og_title":"R\u00e9paration \u00e9lectrom\u00e9nagers durant le Covid-19-Servotech","og_description":"Servotech tient votre sant\u00e9 lors des r\u00e9parations d'\u00e9lectrom\u00e9nagers. D\u00e9couvrez comment nos techniciens vous prot\u00e8gent.","og_url":"https:\/\/serviceservotech.com\/fr\/politique-covid-19\/","og_site_name":"Service Servotech","article_modified_time":"2024-03-28T10:21:41+00:00","twitter_card":"summary_large_image","twitter_misc":{"Dur\u00e9e de lecture estim\u00e9e":"3 minutes"},"schema":{"@context":"https:\/\/schema.org","@graph":[{"@type":"WebPage","@id":"https:\/\/serviceservotech.com\/fr\/politique-covid-19\/","url":"https:\/\/serviceservotech.com\/fr\/politique-covid-19\/","name":"R\u00e9paration \u00e9lectrom\u00e9nagers durant le Covid-19-Servotech","isPartOf":{"@id":"https:\/\/serviceservotech.com\/#website"},"datePublished":"2020-10-23T13:30:18+00:00","dateModified":"2024-03-28T10:21:41+00:00","description":"Servotech tient votre sant\u00e9 lors des r\u00e9parations d'\u00e9lectrom\u00e9nagers. D\u00e9couvrez comment nos techniciens vous prot\u00e8gent.","breadcrumb":{"@id":"https:\/\/serviceservotech.com\/fr\/politique-covid-19\/#breadcrumb"},"inLanguage":"fr-FR","potentialAction":[{"@type":"ReadAction","target":["https:\/\/serviceservotech.com\/fr\/politique-covid-19\/"]}]},{"@type":"BreadcrumbList","@id":"https:\/\/serviceservotech.com\/fr\/politique-covid-19\/#breadcrumb","itemListElement":[{"@type":"ListItem","position":1,"name":"Accueil","item":"https:\/\/serviceservotech.com\/fr\/"},{"@type":"ListItem","position":2,"name":"Nos techniciens en r\u00e9paration d&#8217;\u00e9lectrom\u00e9nagers vous prot\u00e8gent"}]},{"@type":"WebSite","@id":"https:\/\/serviceservotech.com\/#website","url":"https:\/\/serviceservotech.com\/","name":"Service Servotech","description":"Appliances and Air Conditioning Repair","potentialAction":[{"@type":"SearchAction","target":{"@type":"EntryPoint","urlTemplate":"https:\/\/serviceservotech.com\/?s={search_term_string}"},"query-input":{"@type":"PropertyValueSpecification","valueRequired":true,"valueName":"search_term_string"}}],"inLanguage":"fr-FR"}]}},"_links":{"self":[{"href":"https:\/\/serviceservotech.com\/fr\/wp-json\/wp\/v2\/pages\/15973","targetHints":{"allow":["GET"]}}],"collection":[{"href":"https:\/\/serviceservotech.com\/fr\/wp-json\/wp\/v2\/pages"}],"about":[{"href":"https:\/\/serviceservotech.com\/fr\/wp-json\/wp\/v2\/types\/page"}],"author":[{"embeddable":true,"href":"https:\/\/serviceservotech.com\/fr\/wp-json\/wp\/v2\/users\/1"}],"replies":[{"embeddable":true,"href":"https:\/\/serviceservotech.com\/fr\/wp-json\/wp\/v2\/comments?post=15973"}],"version-history":[{"count":6,"href":"https:\/\/serviceservotech.com\/fr\/wp-json\/wp\/v2\/pages\/15973\/revisions"}],"predecessor-version":[{"id":21836,"href":"https:\/\/serviceservotech.com\/fr\/wp-json\/wp\/v2\/pages\/15973\/revisions\/21836"}],"wp:attachment":[{"href":"https:\/\/serviceservotech.com\/fr\/wp-json\/wp\/v2\/media?parent=15973"}],"curies":[{"name":"wp","href":"https:\/\/api.w.org\/{rel}","templated":true}]}}